{"id":1195,"date":"2021-11-23T13:19:14","date_gmt":"2021-11-23T12:19:14","guid":{"rendered":"https:\/\/cekomng.hr\/projekte\/"},"modified":"2022-01-30T17:21:48","modified_gmt":"2022-01-30T16:21:48","slug":"projekte","status":"publish","type":"page","link":"https:\/\/cekomng.hr\/de\/projekte\/","title":{"rendered":"Projekte"},"content":{"rendered":"\t\t<div data-elementor-type=\"wp-page\" data-elementor-id=\"1195\" class=\"elementor elementor-1195 elementor-240\">\n\t\t\t\t\t\t<section class=\"elementor-section elementor-top-section elementor-element elementor-element-490949c elementor-section-boxed elementor-section-height-default elementor-section-height-default\" data-id=\"490949c\" data-element_type=\"section\" data-settings=\"{&quot;jet_parallax_layout_list&quot;:[{&quot;jet_parallax_layout_image&quot;:{&quot;url&quot;:&quot;&quot;,&quot;id&quot;:&quot;&quot;,&quot;size&quot;:&quot;&quot;},&quot;_id&quot;:&quot;b154484&quot;,&quot;jet_parallax_layout_image_tablet&quot;:{&quot;url&quot;:&quot;&quot;,&quot;id&quot;:&quot;&quot;,&quot;size&quot;:&quot;&quot;},&quot;jet_parallax_layout_image_mobile&quot;:{&quot;url&quot;:&quot;&quot;,&quot;id&quot;:&quot;&quot;,&quot;size&quot;:&quot;&quot;},&quot;jet_parallax_layout_speed&quot;:{&quot;unit&quot;:&quot;%&quot;,&quot;size&quot;:50,&quot;sizes&quot;:[]},&quot;jet_parallax_layout_type&quot;:&quot;scroll&quot;,&quot;jet_parallax_layout_direction&quot;:null,&quot;jet_parallax_layout_fx_direction&quot;:null,&quot;jet_parallax_layout_z_index&quot;:&quot;&quot;,&quot;jet_parallax_layout_bg_x&quot;:50,&quot;jet_parallax_layout_bg_x_tablet&quot;:&quot;&quot;,&quot;jet_parallax_layout_bg_x_mobile&quot;:&quot;&quot;,&quot;jet_parallax_layout_bg_y&quot;:50,&quot;jet_parallax_layout_bg_y_tablet&quot;:&quot;&quot;,&quot;jet_parallax_layout_bg_y_mobile&quot;:&quot;&quot;,&quot;jet_parallax_layout_bg_size&quot;:&quot;auto&quot;,&quot;jet_parallax_layout_bg_size_tablet&quot;:&quot;&quot;,&quot;jet_parallax_layout_bg_size_mobile&quot;:&quot;&quot;,&quot;jet_parallax_layout_animation_prop&quot;:&quot;transform&quot;,&quot;jet_parallax_layout_on&quot;:[&quot;desktop&quot;,&quot;tablet&quot;]}],&quot;background_background&quot;:&quot;classic&quot;}\">\n\t\t\t\t\t\t\t<div class=\"elementor-background-overlay\"><\/div>\n\t\t\t\t\t\t\t<div class=\"elementor-container elementor-column-gap-no\">\n\t\t\t\t\t<div class=\"elementor-column elementor-col-100 elementor-top-column elementor-element elementor-element-bf5ffa2\" data-id=\"bf5ffa2\" data-element_type=\"column\">\n\t\t\t<div class=\"elementor-widget-wrap elementor-element-populated\">\n\t\t\t\t\t\t<div class=\"elementor-element elementor-element-90d5311 elementor-widget elementor-widget-heading\" data-id=\"90d5311\" data-element_type=\"widget\" data-widget_type=\"heading.default\">\n\t\t\t\t<div class=\"elementor-widget-container\">\n\t\t\t\t\t<h1 class=\"elementor-heading-title elementor-size-default\">Projekte<\/h1>\t\t\t\t<\/div>\n\t\t\t\t<\/div>\n\t\t\t\t\t<\/div>\n\t\t<\/div>\n\t\t\t\t\t<\/div>\n\t\t<\/section>\n\t\t\t\t<section class=\"elementor-section elementor-top-section elementor-element elementor-element-47c6347 elementor-section-boxed elementor-section-height-default elementor-section-height-default\" data-id=\"47c6347\" data-element_type=\"section\" data-settings=\"{&quot;jet_parallax_layout_list&quot;:[{&quot;jet_parallax_layout_image&quot;:{&quot;url&quot;:&quot;&quot;,&quot;id&quot;:&quot;&quot;,&quot;size&quot;:&quot;&quot;},&quot;_id&quot;:&quot;00a16a0&quot;,&quot;jet_parallax_layout_image_tablet&quot;:{&quot;url&quot;:&quot;&quot;,&quot;id&quot;:&quot;&quot;,&quot;size&quot;:&quot;&quot;},&quot;jet_parallax_layout_image_mobile&quot;:{&quot;url&quot;:&quot;&quot;,&quot;id&quot;:&quot;&quot;,&quot;size&quot;:&quot;&quot;},&quot;jet_parallax_layout_speed&quot;:{&quot;unit&quot;:&quot;%&quot;,&quot;size&quot;:50,&quot;sizes&quot;:[]},&quot;jet_parallax_layout_type&quot;:&quot;scroll&quot;,&quot;jet_parallax_layout_direction&quot;:null,&quot;jet_parallax_layout_fx_direction&quot;:null,&quot;jet_parallax_layout_z_index&quot;:&quot;&quot;,&quot;jet_parallax_layout_bg_x&quot;:50,&quot;jet_parallax_layout_bg_x_tablet&quot;:&quot;&quot;,&quot;jet_parallax_layout_bg_x_mobile&quot;:&quot;&quot;,&quot;jet_parallax_layout_bg_y&quot;:50,&quot;jet_parallax_layout_bg_y_tablet&quot;:&quot;&quot;,&quot;jet_parallax_layout_bg_y_mobile&quot;:&quot;&quot;,&quot;jet_parallax_layout_bg_size&quot;:&quot;auto&quot;,&quot;jet_parallax_layout_bg_size_tablet&quot;:&quot;&quot;,&quot;jet_parallax_layout_bg_size_mobile&quot;:&quot;&quot;,&quot;jet_parallax_layout_animation_prop&quot;:&quot;transform&quot;,&quot;jet_parallax_layout_on&quot;:[&quot;desktop&quot;,&quot;tablet&quot;]}]}\">\n\t\t\t\t\t\t<div class=\"elementor-container elementor-column-gap-no\">\n\t\t\t\t\t<div class=\"elementor-column elementor-col-100 elementor-top-column elementor-element elementor-element-2db14d2\" data-id=\"2db14d2\" data-element_type=\"column\">\n\t\t\t<div class=\"elementor-widget-wrap elementor-element-populated\">\n\t\t\t\t\t\t<div class=\"elementor-element elementor-element-244fca9 elementor-widget elementor-widget-heading\" data-id=\"244fca9\" data-element_type=\"widget\" data-widget_type=\"heading.default\">\n\t\t\t\t<div class=\"elementor-widget-container\">\n\t\t\t\t\t<h2 class=\"elementor-heading-title elementor-size-default\">PROJEKTKOMPONENTEN <br>\nKompetenzzentrum f\u00fcr fortschrittliches Engineering Nova Gradi\u0161ka<\/h2>\t\t\t\t<\/div>\n\t\t\t\t<\/div>\n\t\t\t\t<div class=\"elementor-element elementor-element-ced7f76 elementor-widget elementor-widget-heading\" data-id=\"ced7f76\" data-element_type=\"widget\" data-widget_type=\"heading.default\">\n\t\t\t\t<div class=\"elementor-widget-container\">\n\t\t\t\t\t<h3 class=\"elementor-heading-title elementor-size-default\">1. BAU UND AUSSTATTUNG EINER FORSCHUNGSINFRASTRUKTUR:<\/h3>\t\t\t\t<\/div>\n\t\t\t\t<\/div>\n\t\t\t\t<div class=\"elementor-element elementor-element-816d498 elementor-widget elementor-widget-text-editor\" data-id=\"816d498\" data-element_type=\"widget\" data-widget_type=\"text-editor.default\">\n\t\t\t\t<div class=\"elementor-widget-container\">\n\t\t\t\t\t\t\t\t\t<ul><li>Errichtung des Gesch\u00e4ftsgeb\u00e4udes des Kompetenzzentrums f\u00fcr fortschrittliches Engineering (CEKOM\u00a0NI\u00a0NG) mit Gesamtfl\u00e4che von 3074\u00a0m<sup>2<\/sup> bzw. Nettofl\u00e4che von 2777,84\u00a0m<sup>2<\/sup>, wovon 559,16\u00a0m<sup>2<\/sup> auf den Laborbereich, 654,53\u00a0m<sup>2<\/sup> auf den B\u00fcrobereich, 261,28\u00a0m<sup>2<\/sup> auf den Konferenz- und Unterrichtsbereich und der Rest auf Sitzungs-, Ausstellungs- und Nebenr\u00e4ume entfallen soll.<\/li><li>Ausstattung eines Labors f\u00fcr 3D-Technologien, eines Labors f\u00fcr Hochgeschwindigkeitsverarbeitung, eines Labors f\u00fcr Automatisierung und Robotik und eines Labors f\u00fcr W\u00e4rmebehandlung.<\/li><li>Ausstattung des Geb\u00e4udes mit IKT-Ausr\u00fcstung und Mobiliar<\/li><li><p>PHOTOVOLTAIK-KRAFTWERK<\/p><\/li><\/ul><div><p>GESAMTWERT: 70.000.000 HRK<\/p><\/div>\t\t\t\t\t\t\t\t<\/div>\n\t\t\t\t<\/div>\n\t\t\t\t<div class=\"elementor-element elementor-element-a1f97d1 elementor-widget elementor-widget-heading\" data-id=\"a1f97d1\" data-element_type=\"widget\" data-widget_type=\"heading.default\">\n\t\t\t\t<div class=\"elementor-widget-container\">\n\t\t\t\t\t<h3 class=\"elementor-heading-title elementor-size-default\">2. FORSCHUNGS- UND ENTWICKLUNGST\u00c4TIGKEITEN<\/h3>\t\t\t\t<\/div>\n\t\t\t\t<\/div>\n\t\t\t\t<div class=\"elementor-element elementor-element-65d28e6 elementor-widget elementor-widget-text-editor\" data-id=\"65d28e6\" data-element_type=\"widget\" data-widget_type=\"text-editor.default\">\n\t\t\t\t<div class=\"elementor-widget-container\">\n\t\t\t\t\t\t\t\t\t<ul><li><p>7 kooperative Forschungs- und Entwicklungsprojekte<\/p><\/li><li>Entwicklung und Vermarktung innovativer Produkte, die sowohl f\u00fcr die Unternehmen als auch f\u00fcr den Markt eine Neuheit darstellen<\/li><li><p>Effiziente Kooperation sowie Wissens- und Technologietransfer zwischen den Partnern aus Wissenschaft und Wirtschaft<\/p><\/li><\/ul><div><p>GESAMTWERT: 24.300.000\u00a0HRK<\/p><\/div><div>\u00a0<\/div>\t\t\t\t\t\t\t\t<\/div>\n\t\t\t\t<\/div>\n\t\t\t\t<div class=\"elementor-element elementor-element-5cf5725 elementor-widget elementor-widget-heading\" data-id=\"5cf5725\" data-element_type=\"widget\" data-widget_type=\"heading.default\">\n\t\t\t\t<div class=\"elementor-widget-container\">\n\t\t\t\t\t<h3 class=\"elementor-heading-title elementor-size-default\">3. WERBUNG UND SICHTBARKEITSSTEIGERUNG<br><span style=\"color: rgb(136, 136, 136); font-size: 16px; font-weight: 400; white-space: normal;\">GESAMTWERT: 364.000 HRK<\/span><\/h3>\t\t\t\t<\/div>\n\t\t\t\t<\/div>\n\t\t\t\t<div class=\"elementor-element elementor-element-927bb5e elementor-widget elementor-widget-heading\" data-id=\"927bb5e\" data-element_type=\"widget\" data-widget_type=\"heading.default\">\n\t\t\t\t<div class=\"elementor-widget-container\">\n\t\t\t\t\t<h3 class=\"elementor-heading-title elementor-size-default\">4. ROJEKTMANAGEMENT <br><span style=\"color: rgb(136, 136, 136); font-size: 16px; font-weight: 400; white-space: normal;\">GESAMTWERT: 2.000.000 HRK<\/span><\/h3>\t\t\t\t<\/div>\n\t\t\t\t<\/div>\n\t\t\t\t<div class=\"elementor-element elementor-element-55ba84d elementor-widget elementor-widget-image\" data-id=\"55ba84d\" data-element_type=\"widget\" data-widget_type=\"image.default\">\n\t\t\t\t<div class=\"elementor-widget-container\">\n\t\t\t\t\t\t\t\t\t\t\t\t\t\t\t<img fetchpriority=\"high\" decoding=\"async\" width=\"1024\" height=\"472\" src=\"https:\/\/cekomng.hr\/wp-content\/uploads\/2022\/01\/cekom-FINAL-10-1024x472.jpg\" class=\"attachment-large size-large wp-image-1168\" alt=\"\" srcset=\"https:\/\/cekomng.hr\/wp-content\/uploads\/2022\/01\/cekom-FINAL-10-1024x472.jpg 1024w, https:\/\/cekomng.hr\/wp-content\/uploads\/2022\/01\/cekom-FINAL-10-300x138.jpg 300w, https:\/\/cekomng.hr\/wp-content\/uploads\/2022\/01\/cekom-FINAL-10-768x354.jpg 768w, https:\/\/cekomng.hr\/wp-content\/uploads\/2022\/01\/cekom-FINAL-10-1536x708.jpg 1536w, https:\/\/cekomng.hr\/wp-content\/uploads\/2022\/01\/cekom-FINAL-10-2048x944.jpg 2048w\" sizes=\"(max-width: 1024px) 100vw, 1024px\" \/>\t\t\t\t\t\t\t\t\t\t\t\t\t\t\t<\/div>\n\t\t\t\t<\/div>\n\t\t\t\t<div class=\"elementor-element elementor-element-ab9bd7e elementor-widget elementor-widget-spacer\" data-id=\"ab9bd7e\" data-element_type=\"widget\" data-widget_type=\"spacer.default\">\n\t\t\t\t<div class=\"elementor-widget-container\">\n\t\t\t\t\t\t\t<div class=\"elementor-spacer\">\n\t\t\t<div class=\"elementor-spacer-inner\"><\/div>\n\t\t<\/div>\n\t\t\t\t\t\t<\/div>\n\t\t\t\t<\/div>\n\t\t\t\t<div class=\"elementor-element elementor-element-2c86764 elementor-widget elementor-widget-heading\" data-id=\"2c86764\" data-element_type=\"widget\" data-widget_type=\"heading.default\">\n\t\t\t\t<div class=\"elementor-widget-container\">\n\t\t\t\t\t<h2 class=\"elementor-heading-title elementor-size-default\">KOOPERATIVE FORSCHUNGS- UND ENTWICKLUNGSPROJEKTE<\/h2>\t\t\t\t<\/div>\n\t\t\t\t<\/div>\n\t\t\t\t<div class=\"elementor-element elementor-element-3f156ab elementor-widget elementor-widget-text-editor\" data-id=\"3f156ab\" data-element_type=\"widget\" data-widget_type=\"text-editor.default\">\n\t\t\t\t<div class=\"elementor-widget-container\">\n\t\t\t\t\t\t\t\t\t<p>Im Rahmen des Projektes ist die Umsetzung von 7 kooperativen Forschungs- und Entwicklungsprojekten von <em>Partnern<\/em> (Tr\u00e4gern einzelner Forschungs- und Entwicklungsprojekte) zwecks Entwicklung neuer Produkte und Dienstleistungen mit hoher Wertsch\u00f6pfung geplant.<\/p><p>Forschungs- und Entwicklungst\u00e4tigkeiten<strong> (FET)<\/strong>:<\/p>\t\t\t\t\t\t\t\t<\/div>\n\t\t\t\t<\/div>\n\t\t\t\t<div class=\"elementor-element elementor-element-12c85e8 elementor-widget elementor-widget-heading\" data-id=\"12c85e8\" data-element_type=\"widget\" data-widget_type=\"heading.default\">\n\t\t\t\t<div class=\"elementor-widget-container\">\n\t\t\t\t\t<h3 class=\"elementor-heading-title elementor-size-default\">FET 1 \u2013 Entwicklung leichter optimierter Teile f\u00fcr die Automobilindustrie<\/h3>\t\t\t\t<\/div>\n\t\t\t\t<\/div>\n\t\t\t\t<div class=\"elementor-element elementor-element-de09f64 elementor-widget elementor-widget-text-editor\" data-id=\"de09f64\" data-element_type=\"widget\" data-widget_type=\"text-editor.default\">\n\t\t\t\t<div class=\"elementor-widget-container\">\n\t\t\t\t\t\t\t\t\t<ul><li>Tr\u00e4ger: Industriepark Nova Gradi\u0161ka<\/li><li>Partner: CEKOM NI NG und SFSB<\/li><li>Projektwert: 5,1 Mio. HRK<\/li><\/ul><p>W\u00e4hrend dieses Projektes werden wir neue, umweltfreundliche Materialien und Verfahren erforschen, die im Endeffekt eine neue Produktgeneration hervorbringen werden. Das Ziel besteht darin, sich im Rahmen des Projektes die Methode der generativen Gestaltung zu Eigen zu machen und somit eine hohe Qualit\u00e4t, Effizienz und Leistungsf\u00e4higkeit sicherzustellen, um anschlie\u00dfend optimierte Elemente mit hoher Wertsch\u00f6pfung f\u00fcr die Automobilindustrie zu konstruieren und zu fertigen.<\/p>\t\t\t\t\t\t\t\t<\/div>\n\t\t\t\t<\/div>\n\t\t\t\t<div class=\"elementor-element elementor-element-6c57291 elementor-widget elementor-widget-heading\" data-id=\"6c57291\" data-element_type=\"widget\" data-widget_type=\"heading.default\">\n\t\t\t\t<div class=\"elementor-widget-container\">\n\t\t\t\t\t<h3 class=\"elementor-heading-title elementor-size-default\">FET 2 \u2013 Entwicklung von 3D-gedruckten Spritzpressformen mit verbessertem K\u00fchlsystem<\/h3>\t\t\t\t<\/div>\n\t\t\t\t<\/div>\n\t\t\t\t<div class=\"elementor-element elementor-element-97b24e6 elementor-widget elementor-widget-text-editor\" data-id=\"97b24e6\" data-element_type=\"widget\" data-widget_type=\"text-editor.default\">\n\t\t\t\t<div class=\"elementor-widget-container\">\n\t\t\t\t\t\t\t\t\t<ul><li>Tr\u00e4ger: Industriepark Nova Gradi\u0161ka<\/li><li>Partner: CEKOM NI NG und SFSB<\/li><li>Projektwert: 5,1 Mio. HRK<\/li><\/ul><p>Mithilfe von Simulationssoftware kann man Einblicke in die ungef\u00e4hren Bedingungen, Temperaturverh\u00e4ltnisse und thermischen Tendenzen gewinnen, die w\u00e4hrend des Spritzpressprozesses in der Pressform und dem Schmelzgut herrschen. Auf diese Art und Weise kann man die Konstruktion der Pressform und der K\u00fchlkan\u00e4le optimieren und somit den Bedarf nach einer gr\u00f6\u00dferen Zahl von Prototypen reduzieren, eventuelle Produktionsfehler vermeiden, die Qualit\u00e4t des Endproduktes erh\u00f6hen und innovative Produkte schneller auf den Markt bringen. Optimal konstruierte Pressformen und K\u00fchlkan\u00e4le kennzeichnen sich durch eine komplexe Geometrie, prismatische Form und kleine Produktst\u00fcckzahlen, so dass sie zur Fertigung mithilfe der 3D-Druck-Technologie geeignet sind.<\/p>\t\t\t\t\t\t\t\t<\/div>\n\t\t\t\t<\/div>\n\t\t\t\t<div class=\"elementor-element elementor-element-a8bf896 elementor-widget elementor-widget-heading\" data-id=\"a8bf896\" data-element_type=\"widget\" data-widget_type=\"heading.default\">\n\t\t\t\t<div class=\"elementor-widget-container\">\n\t\t\t\t\t<h3 class=\"elementor-heading-title elementor-size-default\">FET 3 \u2013 Entwicklung von Brandschutzelementen in L\u00fcftungsanlagen<\/h3>\t\t\t\t<\/div>\n\t\t\t\t<\/div>\n\t\t\t\t<div class=\"elementor-element elementor-element-3531e34 elementor-widget elementor-widget-text-editor\" data-id=\"3531e34\" data-element_type=\"widget\" data-widget_type=\"text-editor.default\">\n\t\t\t\t<div class=\"elementor-widget-container\">\n\t\t\t\t\t\t\t\t\t<ul><li>Tr\u00e4ger: Klimaoprema<\/li><li>Partner: CEKOM NI NG und SFSB<\/li><li>Projektwert: 5,7 Mio. HRK<\/li><\/ul><p>Im Rahmen dieses Projektes werden solche Produkte entwickelt, deren Aufbau zu 90\u00a0% aus nat\u00fcrlichen Materialien wie etwa Kalziumsilicat besteht. Die Technologie neuer Werkstoffe sowie die Automatisierung und Robotik als interdisziplin\u00e4re Bereiche, in denen die Eigenschaften von Werkstoffen einerseits und die Automatisierung von Betriebsprozessen andererseits erforscht werden, lassen sich in verschiedenen Wissenschafts- und Technikbereichen anwenden und stellen eines der Themabareiche dar, die wir im Rahmen dieses Projektes detailliert erarbeiten werden.<\/p>\t\t\t\t\t\t\t\t<\/div>\n\t\t\t\t<\/div>\n\t\t\t\t<div class=\"elementor-element elementor-element-dc56b85 elementor-widget elementor-widget-heading\" data-id=\"dc56b85\" data-element_type=\"widget\" data-widget_type=\"heading.default\">\n\t\t\t\t<div class=\"elementor-widget-container\">\n\t\t\t\t\t<h3 class=\"elementor-heading-title elementor-size-default\">FET 4 \u2013 Entwicklung von Robotersystemen f\u00fcr die Automobil-, Verteidigungs- und Nahrungsmittelindustrie<\/h3>\t\t\t\t<\/div>\n\t\t\t\t<\/div>\n\t\t\t\t<div class=\"elementor-element elementor-element-5201099 elementor-widget elementor-widget-text-editor\" data-id=\"5201099\" data-element_type=\"widget\" data-widget_type=\"text-editor.default\">\n\t\t\t\t<div class=\"elementor-widget-container\">\n\t\t\t\t\t\t\t\t\t<ul><li>Tr\u00e4ger: Migautomatika<\/li><li>Partner: Industriepark Nova Gradi\u0161ka, CEKOM NI NG und SFSB<\/li><li>Projektwert: 4,4 Mio. HRK<\/li><\/ul><p>Das Projekt hat zum Zweck, mithilfe optimaler Robotisierung des Produktionsprozesses Fertigungsst\u00fccke von hoher Qualit\u00e4t unter minimalem Zeit-, Energie- und Werkstoffverbrauch hervorzubringen. Eine gut umgesetzte Robotisierung und Automatisierung f\u00fchrt in der Regel zu einer erheblichen Reduzierung der Produktionszykluszeit und wirkt sich somit in einer direkten Produktivit\u00e4tssteigerung aus. Neben der Robotisierung erfordert jede einzelne Produktionsart eine gewisse Anzahl an speziell angepassten, an die Roboterh\u00e4nde anzubringenden Greif- und Handlingsvorrichtungen.<\/p>\t\t\t\t\t\t\t\t<\/div>\n\t\t\t\t<\/div>\n\t\t\t\t<div class=\"elementor-element elementor-element-a6a1a16 elementor-widget elementor-widget-heading\" data-id=\"a6a1a16\" data-element_type=\"widget\" data-widget_type=\"heading.default\">\n\t\t\t\t<div class=\"elementor-widget-container\">\n\t\t\t\t\t<h3 class=\"elementor-heading-title elementor-size-default\">FET 5 \u2013 Entwicklung trockeneisbasierter industrieller Reinigungstechnologie<\/h3>\t\t\t\t<\/div>\n\t\t\t\t<\/div>\n\t\t\t\t<div class=\"elementor-element elementor-element-4187848 elementor-widget elementor-widget-text-editor\" data-id=\"4187848\" data-element_type=\"widget\" data-widget_type=\"text-editor.default\">\n\t\t\t\t<div class=\"elementor-widget-container\">\n\t\t\t\t\t\t\t\t\t<ul><li>Tr\u00e4ger: Hladni Val<\/li><li>Partner: CEKOM NI NG und SFSB<\/li><li>Projektwert: 2,5 Mio. HRK<\/li><\/ul><p>Die geplanten Forschungsprojekte werden verschiedene Schl\u00fcsselentwicklungstechnologien einsetzen, entwickeln und verbessern: 3D-Technologie, Hochgeschwindigkeitsverarbeitung von Metallen, Automatisierung und Robotik, Technologie neuer Werkstoffe und IKT.<\/p><p>Das geplante Ergebnis dieser Forschungs- und Entwicklungsprojekte ist die Entwicklung einer neuartigen, trockeneisbasierten Reinigungsmaschine.<\/p>\t\t\t\t\t\t\t\t<\/div>\n\t\t\t\t<\/div>\n\t\t\t\t<div class=\"elementor-element elementor-element-94f86dc elementor-widget elementor-widget-heading\" data-id=\"94f86dc\" data-element_type=\"widget\" data-widget_type=\"heading.default\">\n\t\t\t\t<div class=\"elementor-widget-container\">\n\t\t\t\t\t<h3 class=\"elementor-heading-title elementor-size-default\">PET 6 \u2013 Entwicklung einer hydraulischen Hebesperre f\u00fcr Bahn\u00fcberg\u00e4nge<\/h3>\t\t\t\t<\/div>\n\t\t\t\t<\/div>\n\t\t\t\t<div class=\"elementor-element elementor-element-372c36d elementor-widget elementor-widget-text-editor\" data-id=\"372c36d\" data-element_type=\"widget\" data-widget_type=\"text-editor.default\">\n\t\t\t\t<div class=\"elementor-widget-container\">\n\t\t\t\t\t\t\t\t\t<ul><li>Tr\u00e4ger: Altpro<\/li><li>Partner: CEKOM NI NG und SFSB<\/li><li>Projektwert: 2,9 Mio. HRK<\/li><\/ul><p>Das Projekt hat zum Zweck, einen neuen Typ hydraulischer Hebesperren (Halbschranken) zur Sicherung von Bahn\u00fcberg\u00e4ngen zu entwickeln. Im Rahmen des Projektes wird eine neue Halbschrankenanlage entwickelt, die im Gegensatz zu Konkurrenzprodukten die Anforderungen der allermeisten internationalen Normen und nationalen technischen Spezifikationen erf\u00fcllt. Dar\u00fcber hinaus wird das Produkt speziell nachger\u00fcstet, damit es auch unter schwierigsten Witterungsbedingungen (K\u00e4lte, Feuchte usw.) zuverl\u00e4ssig betrieben werden kann und somit einen komparativen Vorteil gegen\u00fcber Konkurrenzprodukten in Form ihrer Zuverl\u00e4ssigkeit, Instandhaltungsfreundlichkeit und langen Betriebszyklusdauer bietet.<\/p>\t\t\t\t\t\t\t\t<\/div>\n\t\t\t\t<\/div>\n\t\t\t\t<div class=\"elementor-element elementor-element-c91ee74 elementor-widget elementor-widget-heading\" data-id=\"c91ee74\" data-element_type=\"widget\" data-widget_type=\"heading.default\">\n\t\t\t\t<div class=\"elementor-widget-container\">\n\t\t\t\t\t<h3 class=\"elementor-heading-title elementor-size-default\">FEI 7 \u2013 Entwicklung eines Informationssystems f\u00fcr das R\u00fcckverfolgbarkeitsmanagement in der Nahrungsmittelindustrie<\/h3>\t\t\t\t<\/div>\n\t\t\t\t<\/div>\n\t\t\t\t<div class=\"elementor-element elementor-element-908f81b elementor-widget elementor-widget-text-editor\" data-id=\"908f81b\" data-element_type=\"widget\" data-widget_type=\"text-editor.default\">\n\t\t\t\t<div class=\"elementor-widget-container\">\n\t\t\t\t\t\t\t\t\t<ul><li>Tr\u00e4ger: ININ<\/li><li>Partner: CEKOM NI NG und SFSB<\/li><li>Projektwert: 3,7 Mio. HRK<\/li><\/ul><p>Das hier vorgeschlagene Projekt hat zum Zweck, ein innovatives Softwareprodukt f\u00fcr das \u201eR\u00fcckverfolgbarkeitsmanagement\u201c gem\u00e4\u00df Marktanforderungen zu schaffen bzw. die Errichtung eines R\u00fcckverfolgbarkeitssystems zu vereinfachen und somit Unternehmen f\u00fcr den Wettbewerbskampf auf den anspruchsvollen EU-M\u00e4rkten zu bef\u00e4higen. Die Anforderungen des modernen Marktes (schnelle Anfragenbeantwortung, schneller Austausch technischer Daten, Nachweis f\u00fcr Technologiepr\u00fcfungen, schnelle Erstellung von Angebotskalkulationen, erm\u00f6glichter Einblick in den Stand \u00fcbernommener Produktionsverpflichtungen, Einhaltung von R\u00fcckverfolgbarkeitsnormen) bedingen auch erhebliche \u00c4nderungen der Arbeitstechnologie und -organisation zwecks Kommunikation mit den ERP-Systemen von Kunden f\u00fcr Waren und Dienstleistungen einerseits und von Werkstofflieferanten und Zulieferbetrieben andererseits.<\/p>\t\t\t\t\t\t\t\t<\/div>\n\t\t\t\t<\/div>\n\t\t\t\t\t<\/div>\n\t\t<\/div>\n\t\t\t\t\t<\/div>\n\t\t<\/section>\n\t\t\t\t<\/div>\n\t\t","protected":false},"excerpt":{"rendered":"<p>PROJEKTKOMPONENTEN Kompetenzzentrum f\u00fcr fortschrittliches Engineering Nova Gradi\u0161ka 1. BAU UND AUSSTATTUNG EINER FORSCHUNGSINFRASTRUKTUR: Errichtung des Gesch\u00e4ftsgeb\u00e4udes des Kompetenzzentrums f\u00fcr fortschrittliches Engineering (CEKOM\u00a0NI\u00a0NG) mit Gesamtfl\u00e4che von 3074\u00a0m2 bzw. Nettofl\u00e4che von 2777,84\u00a0m2, wovon 559,16\u00a0m2 auf den Laborbereich, 654,53\u00a0m2 auf den B\u00fcrobereich, 261,28\u00a0m2 auf den Konferenz- und Unterrichtsbereich und der Rest auf Sitzungs-, Ausstellungs- und Nebenr\u00e4ume entfallen soll. [&hellip;]<\/p>\n","protected":false},"author":1,"featured_media":0,"parent":0,"menu_order":0,"comment_status":"closed","ping_status":"closed","template":"elementor_header_footer","meta":{"_acf_changed":false,"_themeisle_gutenberg_block_has_review":false,"footnotes":""},"class_list":["post-1195","page","type-page","status-publish","hentry"],"acf":[],"_links":{"self":[{"href":"https:\/\/cekomng.hr\/de\/wp-json\/wp\/v2\/pages\/1195"}],"collection":[{"href":"https:\/\/cekomng.hr\/de\/wp-json\/wp\/v2\/pages"}],"about":[{"href":"https:\/\/cekomng.hr\/de\/wp-json\/wp\/v2\/types\/page"}],"author":[{"embeddable":true,"href":"https:\/\/cekomng.hr\/de\/wp-json\/wp\/v2\/users\/1"}],"replies":[{"embeddable":true,"href":"https:\/\/cekomng.hr\/de\/wp-json\/wp\/v2\/comments?post=1195"}],"version-history":[{"count":6,"href":"https:\/\/cekomng.hr\/de\/wp-json\/wp\/v2\/pages\/1195\/revisions"}],"predecessor-version":[{"id":1202,"href":"https:\/\/cekomng.hr\/de\/wp-json\/wp\/v2\/pages\/1195\/revisions\/1202"}],"wp:attachment":[{"href":"https:\/\/cekomng.hr\/de\/wp-json\/wp\/v2\/media?parent=1195"}],"curies":[{"name":"wp","href":"https:\/\/api.w.org\/{rel}","templated":true}]}}