{"id":1005,"date":"2020-11-14T08:39:04","date_gmt":"2020-11-14T07:39:04","guid":{"rendered":"https:\/\/cekomng.hr\/news\/"},"modified":"2022-01-26T10:10:27","modified_gmt":"2022-01-26T09:10:27","slug":"news","status":"publish","type":"page","link":"https:\/\/cekomng.hr\/en\/news\/","title":{"rendered":"News"},"content":{"rendered":"\t\t<div data-elementor-type=\"wp-page\" data-elementor-id=\"1005\" class=\"elementor elementor-1005 elementor-85\">\n\t\t\t\t\t\t<section class=\"elementor-section elementor-top-section elementor-element elementor-element-2c67e77 elementor-section-boxed elementor-section-height-default elementor-section-height-default\" data-id=\"2c67e77\" data-element_type=\"section\" data-settings=\"{&quot;jet_parallax_layout_list&quot;:[{&quot;jet_parallax_layout_image&quot;:{&quot;url&quot;:&quot;&quot;,&quot;id&quot;:&quot;&quot;,&quot;size&quot;:&quot;&quot;},&quot;_id&quot;:&quot;b154484&quot;,&quot;jet_parallax_layout_image_tablet&quot;:{&quot;url&quot;:&quot;&quot;,&quot;id&quot;:&quot;&quot;,&quot;size&quot;:&quot;&quot;},&quot;jet_parallax_layout_image_mobile&quot;:{&quot;url&quot;:&quot;&quot;,&quot;id&quot;:&quot;&quot;,&quot;size&quot;:&quot;&quot;},&quot;jet_parallax_layout_speed&quot;:{&quot;unit&quot;:&quot;%&quot;,&quot;size&quot;:50,&quot;sizes&quot;:[]},&quot;jet_parallax_layout_type&quot;:&quot;scroll&quot;,&quot;jet_parallax_layout_direction&quot;:null,&quot;jet_parallax_layout_fx_direction&quot;:null,&quot;jet_parallax_layout_z_index&quot;:&quot;&quot;,&quot;jet_parallax_layout_bg_x&quot;:50,&quot;jet_parallax_layout_bg_x_tablet&quot;:&quot;&quot;,&quot;jet_parallax_layout_bg_x_mobile&quot;:&quot;&quot;,&quot;jet_parallax_layout_bg_y&quot;:50,&quot;jet_parallax_layout_bg_y_tablet&quot;:&quot;&quot;,&quot;jet_parallax_layout_bg_y_mobile&quot;:&quot;&quot;,&quot;jet_parallax_layout_bg_size&quot;:&quot;auto&quot;,&quot;jet_parallax_layout_bg_size_tablet&quot;:&quot;&quot;,&quot;jet_parallax_layout_bg_size_mobile&quot;:&quot;&quot;,&quot;jet_parallax_layout_animation_prop&quot;:&quot;transform&quot;,&quot;jet_parallax_layout_on&quot;:[&quot;desktop&quot;,&quot;tablet&quot;]}],&quot;background_background&quot;:&quot;classic&quot;}\">\n\t\t\t\t\t\t\t<div class=\"elementor-background-overlay\"><\/div>\n\t\t\t\t\t\t\t<div class=\"elementor-container elementor-column-gap-no\">\n\t\t\t\t\t<div class=\"elementor-column elementor-col-100 elementor-top-column elementor-element elementor-element-5f9bc0a\" data-id=\"5f9bc0a\" data-element_type=\"column\">\n\t\t\t<div class=\"elementor-widget-wrap elementor-element-populated\">\n\t\t\t\t\t\t<div class=\"elementor-element elementor-element-77ce05b elementor-widget elementor-widget-heading\" data-id=\"77ce05b\" data-element_type=\"widget\" data-widget_type=\"heading.default\">\n\t\t\t\t<div class=\"elementor-widget-container\">\n\t\t\t\t\t<h1 class=\"elementor-heading-title elementor-size-default\">News<\/h1>\t\t\t\t<\/div>\n\t\t\t\t<\/div>\n\t\t\t\t\t<\/div>\n\t\t<\/div>\n\t\t\t\t\t<\/div>\n\t\t<\/section>\n\t\t\t\t<section class=\"elementor-section elementor-top-section elementor-element elementor-element-cdb1ca8 elementor-section-boxed elementor-section-height-default elementor-section-height-default\" data-id=\"cdb1ca8\" data-element_type=\"section\" data-settings=\"{&quot;jet_parallax_layout_list&quot;:[{&quot;jet_parallax_layout_image&quot;:{&quot;url&quot;:&quot;&quot;,&quot;id&quot;:&quot;&quot;,&quot;size&quot;:&quot;&quot;},&quot;_id&quot;:&quot;da03fe7&quot;,&quot;jet_parallax_layout_image_tablet&quot;:{&quot;url&quot;:&quot;&quot;,&quot;id&quot;:&quot;&quot;,&quot;size&quot;:&quot;&quot;},&quot;jet_parallax_layout_image_mobile&quot;:{&quot;url&quot;:&quot;&quot;,&quot;id&quot;:&quot;&quot;,&quot;size&quot;:&quot;&quot;},&quot;jet_parallax_layout_speed&quot;:{&quot;unit&quot;:&quot;%&quot;,&quot;size&quot;:50,&quot;sizes&quot;:[]},&quot;jet_parallax_layout_type&quot;:&quot;scroll&quot;,&quot;jet_parallax_layout_direction&quot;:null,&quot;jet_parallax_layout_fx_direction&quot;:null,&quot;jet_parallax_layout_z_index&quot;:&quot;&quot;,&quot;jet_parallax_layout_bg_x&quot;:50,&quot;jet_parallax_layout_bg_x_tablet&quot;:&quot;&quot;,&quot;jet_parallax_layout_bg_x_mobile&quot;:&quot;&quot;,&quot;jet_parallax_layout_bg_y&quot;:50,&quot;jet_parallax_layout_bg_y_tablet&quot;:&quot;&quot;,&quot;jet_parallax_layout_bg_y_mobile&quot;:&quot;&quot;,&quot;jet_parallax_layout_bg_size&quot;:&quot;auto&quot;,&quot;jet_parallax_layout_bg_size_tablet&quot;:&quot;&quot;,&quot;jet_parallax_layout_bg_size_mobile&quot;:&quot;&quot;,&quot;jet_parallax_layout_animation_prop&quot;:&quot;transform&quot;,&quot;jet_parallax_layout_on&quot;:[&quot;desktop&quot;,&quot;tablet&quot;]}]}\">\n\t\t\t\t\t\t<div class=\"elementor-container elementor-column-gap-no\">\n\t\t\t\t\t<div class=\"elementor-column elementor-col-100 elementor-top-column elementor-element elementor-element-cf49cc5\" data-id=\"cf49cc5\" data-element_type=\"column\">\n\t\t\t<div class=\"elementor-widget-wrap elementor-element-populated\">\n\t\t\t\t\t\t<div class=\"elementor-element elementor-element-b96e488 elementor-widget elementor-widget-raven-posts\" data-id=\"b96e488\" data-element_type=\"widget\" data-settings=\"{&quot;classic_columns&quot;:&quot;1&quot;,&quot;classic_columns_tablet&quot;:&quot;1&quot;,&quot;query_posts_per_page&quot;:5,&quot;_skin&quot;:&quot;classic&quot;,&quot;classic_layout&quot;:&quot;grid&quot;,&quot;classic_columns_mobile&quot;:&quot;1&quot;,&quot;query_offset&quot;:0}\" data-widget_type=\"raven-posts.classic\">\n\t\t\t\t<div class=\"elementor-widget-container\">\n\t\t\t\t\t\t\t<div class=\"raven-posts raven-grid raven-grid-1 raven-grid-mobile-1 raven-grid-tablet-1\" data-post-id=\"1005\" data-archive-query=\"\" data-lang=\"\">\n\t\t\t\t<div class=\"raven-grid-item raven-post-item post-990 post type-post status-publish format-standard has-post-thumbnail hentry category-news category-uncategorized\">\n\t\t\t<div class=\"raven-post raven-post-inline raven-post-inline-left\">\n\t\t\t\t\t\t<div class=\"raven-post-image-wrap\">\n\t\t\t<a class=\"raven-post-image raven-image-fit\" href=\"https:\/\/cekomng.hr\/en\/opportunities-provided-by-eu-funds\/\"><img fetchpriority=\"high\" decoding=\"async\" width=\"2048\" height=\"1536\" src=\"https:\/\/cekomng.hr\/wp-content\/uploads\/2022\/01\/1634107321743.jpg\" class=\"attachment-full size-full wp-image-920\" alt=\"\" srcset=\"https:\/\/cekomng.hr\/wp-content\/uploads\/2022\/01\/1634107321743.jpg 2048w, https:\/\/cekomng.hr\/wp-content\/uploads\/2022\/01\/1634107321743-300x225.jpg 300w, https:\/\/cekomng.hr\/wp-content\/uploads\/2022\/01\/1634107321743-1024x768.jpg 1024w, https:\/\/cekomng.hr\/wp-content\/uploads\/2022\/01\/1634107321743-768x576.jpg 768w, https:\/\/cekomng.hr\/wp-content\/uploads\/2022\/01\/1634107321743-1536x1152.jpg 1536w\" sizes=\"(max-width: 2048px) 100vw, 2048px\" \/> <span class=\"raven-post-image-overlay\"><\/span><\/a>\t\t<\/div>\n\t\t\t\t\t\t<div class=\"raven-post-content\">\n\t\t\t\t\t\t\t<div class=\"raven-post-meta\"><a class=\"raven-post-meta-item raven-post-date\" href=\"https:\/\/cekomng.hr\/en\/2022\/01\/\" rel=\"bookmark\">6. January 2022.<\/a><\/div>\n\t\t<h2 class=\"raven-post-title\"><a class=\"raven-post-title-link\" href=\"https:\/\/cekomng.hr\/en\/opportunities-provided-by-eu-funds\/\">Opportunities provided by EU funds<\/a><\/h2><div class=\"raven-post-excerpt\">Organized by the Center of Competences for Advanced Engineering Nova Gradi\u0161ka Ltd. and Tera Tehnopolis Ltd., a round table took place on October 8 in Nova Gradi\u0161ka, on the topic<\/div>\t\t<div class=\"raven-post-read-more\">\n\t\t\t<a class=\"raven-post-button\" href=\"https:\/\/cekomng.hr\/en\/opportunities-provided-by-eu-funds\/\"><span class=\"raven-post-button-text\">Read more &gt;<\/span><\/a>\n\t\t<\/div>\n\t\t\t\t\t\t<\/div>\n\t\t\t<\/div>\n\t\t<\/div>\n\t\t\t\t<div class=\"raven-grid-item raven-post-item post-995 post type-post status-publish format-standard has-post-thumbnail hentry category-uncategorized\">\n\t\t\t<div class=\"raven-post raven-post-inline raven-post-inline-left\">\n\t\t\t\t\t\t<div class=\"raven-post-image-wrap\">\n\t\t\t<a class=\"raven-post-image raven-image-fit\" href=\"https:\/\/cekomng.hr\/en\/nova-gradiska-and-cekom-on-a-study-visit-to-eastern-serbia\/\"><img decoding=\"async\" width=\"2048\" height=\"1536\" src=\"https:\/\/cekomng.hr\/wp-content\/uploads\/2022\/01\/1.jpg\" class=\"attachment-full size-full wp-image-893\" alt=\"\" srcset=\"https:\/\/cekomng.hr\/wp-content\/uploads\/2022\/01\/1.jpg 2048w, https:\/\/cekomng.hr\/wp-content\/uploads\/2022\/01\/1-300x225.jpg 300w, https:\/\/cekomng.hr\/wp-content\/uploads\/2022\/01\/1-1024x768.jpg 1024w, https:\/\/cekomng.hr\/wp-content\/uploads\/2022\/01\/1-768x576.jpg 768w, https:\/\/cekomng.hr\/wp-content\/uploads\/2022\/01\/1-1536x1152.jpg 1536w\" sizes=\"(max-width: 2048px) 100vw, 2048px\" \/> <span class=\"raven-post-image-overlay\"><\/span><\/a>\t\t<\/div>\n\t\t\t\t\t\t<div class=\"raven-post-content\">\n\t\t\t\t\t\t\t<div class=\"raven-post-meta\"><a class=\"raven-post-meta-item raven-post-date\" href=\"https:\/\/cekomng.hr\/en\/2022\/01\/\" rel=\"bookmark\">3. January 2022.<\/a><\/div>\n\t\t<h2 class=\"raven-post-title\"><a class=\"raven-post-title-link\" href=\"https:\/\/cekomng.hr\/en\/nova-gradiska-and-cekom-on-a-study-visit-to-eastern-serbia\/\">Nova Gradi\u0161ka und CEKOM zu Studienbesuch in Ostserbien<\/a><\/h2><div class=\"raven-post-excerpt\">U studijskoj posjeti Zaje\u010daru i Knja\u017eevcu krajem studenog 2021. godine boravili su predstavnici grada Nove Gradi\u0161ke i CEKOM-a, C\u0435ntra komp\u0435t\u0435ncija za napr\u0435dno in\u017e\u0435nj\u0435rstvo. Delegacija iz Hrvatske susrela sa predstavnicima grada<\/div>\t\t<div class=\"raven-post-read-more\">\n\t\t\t<a class=\"raven-post-button\" href=\"https:\/\/cekomng.hr\/en\/nova-gradiska-and-cekom-on-a-study-visit-to-eastern-serbia\/\"><span class=\"raven-post-button-text\">Read more &gt;<\/span><\/a>\n\t\t<\/div>\n\t\t\t\t\t\t<\/div>\n\t\t\t<\/div>\n\t\t<\/div>\n\t\t\t\t<div class=\"raven-grid-item raven-post-item post-1000 post type-post status-publish format-standard has-post-thumbnail hentry category-news category-uncategorized\">\n\t\t\t<div class=\"raven-post raven-post-inline raven-post-inline-left\">\n\t\t\t\t\t\t<div class=\"raven-post-image-wrap\">\n\t\t\t<a class=\"raven-post-image raven-image-fit\" href=\"https:\/\/cekomng.hr\/en\/opening-conference\/\"><img decoding=\"async\" width=\"1600\" height=\"1200\" src=\"https:\/\/cekomng.hr\/wp-content\/uploads\/2020\/11\/uvodna-konf.-2.jpeg\" class=\"attachment-full size-full wp-image-880\" alt=\"\" srcset=\"https:\/\/cekomng.hr\/wp-content\/uploads\/2020\/11\/uvodna-konf.-2.jpeg 1600w, https:\/\/cekomng.hr\/wp-content\/uploads\/2020\/11\/uvodna-konf.-2-300x225.jpeg 300w, https:\/\/cekomng.hr\/wp-content\/uploads\/2020\/11\/uvodna-konf.-2-1024x768.jpeg 1024w, https:\/\/cekomng.hr\/wp-content\/uploads\/2020\/11\/uvodna-konf.-2-768x576.jpeg 768w, https:\/\/cekomng.hr\/wp-content\/uploads\/2020\/11\/uvodna-konf.-2-1536x1152.jpeg 1536w\" sizes=\"(max-width: 1600px) 100vw, 1600px\" \/> <span class=\"raven-post-image-overlay\"><\/span><\/a>\t\t<\/div>\n\t\t\t\t\t\t<div class=\"raven-post-content\">\n\t\t\t\t\t\t\t<div class=\"raven-post-meta\"><a class=\"raven-post-meta-item raven-post-date\" href=\"https:\/\/cekomng.hr\/en\/2021\/11\/\" rel=\"bookmark\">22. November 2021.<\/a><\/div>\n\t\t<h2 class=\"raven-post-title\"><a class=\"raven-post-title-link\" href=\"https:\/\/cekomng.hr\/en\/opening-conference\/\">Opening conference<\/a><\/h2><div class=\"raven-post-excerpt\">Curabitur rhoncus mi et metus sodales porta. Quisque vulputate ante at nulla malesuada, vitae tincidunt ex aliquet. Vestibulum auctor odio in vulputate bibendum. <\/div>\t\t<div class=\"raven-post-read-more\">\n\t\t\t<a class=\"raven-post-button\" href=\"https:\/\/cekomng.hr\/en\/opening-conference\/\"><span class=\"raven-post-button-text\">Read more &gt;<\/span><\/a>\n\t\t<\/div>\n\t\t\t\t\t\t<\/div>\n\t\t\t<\/div>\n\t\t<\/div>\n\t\t\t\t<\/div>\n\t\t\t\t\t\t<\/div>\n\t\t\t\t<\/div>\n\t\t\t\t\t<\/div>\n\t\t<\/div>\n\t\t\t\t\t<\/div>\n\t\t<\/section>\n\t\t\t\t<\/div>\n\t\t","protected":false},"excerpt":{"rendered":"<p>News 6. sije\u010dnja 2022. Opportunities provided by EU funds Organized by the Center of Competences for Advanced Engineering Nova Gradi\u0161ka Ltd. and Tera Tehnopolis Ltd., a round table took place on October 8 in Nova Gradi\u0161ka, on the topic Read more > 3. sije\u010dnja 2022. Nova Gradi\u0161ka and CEKOM on a study visit to eastern [&hellip;]<\/p>\n","protected":false},"author":1,"featured_media":0,"parent":0,"menu_order":0,"comment_status":"closed","ping_status":"closed","template":"full-width.php","meta":{"_acf_changed":false,"_themeisle_gutenberg_block_has_review":false,"footnotes":""},"class_list":["post-1005","page","type-page","status-publish","hentry"],"acf":[],"_links":{"self":[{"href":"https:\/\/cekomng.hr\/en\/wp-json\/wp\/v2\/pages\/1005"}],"collection":[{"href":"https:\/\/cekomng.hr\/en\/wp-json\/wp\/v2\/pages"}],"about":[{"href":"https:\/\/cekomng.hr\/en\/wp-json\/wp\/v2\/types\/page"}],"author":[{"embeddable":true,"href":"https:\/\/cekomng.hr\/en\/wp-json\/wp\/v2\/users\/1"}],"replies":[{"embeddable":true,"href":"https:\/\/cekomng.hr\/en\/wp-json\/wp\/v2\/comments?post=1005"}],"version-history":[{"count":4,"href":"https:\/\/cekomng.hr\/en\/wp-json\/wp\/v2\/pages\/1005\/revisions"}],"predecessor-version":[{"id":1009,"href":"https:\/\/cekomng.hr\/en\/wp-json\/wp\/v2\/pages\/1005\/revisions\/1009"}],"wp:attachment":[{"href":"https:\/\/cekomng.hr\/en\/wp-json\/wp\/v2\/media?parent=1005"}],"curies":[{"name":"wp","href":"https:\/\/api.w.org\/{rel}","templated":true}]}}