{"id":1396,"date":"2021-11-23T13:19:14","date_gmt":"2021-11-23T12:19:14","guid":{"rendered":"https:\/\/cekomng.hr\/progetti\/"},"modified":"2022-01-30T21:14:57","modified_gmt":"2022-01-30T20:14:57","slug":"progetti","status":"publish","type":"page","link":"https:\/\/cekomng.hr\/it\/progetti\/","title":{"rendered":"Progetti"},"content":{"rendered":"\t\t<div data-elementor-type=\"wp-page\" data-elementor-id=\"1396\" class=\"elementor elementor-1396 elementor-240\">\n\t\t\t\t\t\t<section class=\"elementor-section elementor-top-section elementor-element elementor-element-490949c elementor-section-boxed elementor-section-height-default elementor-section-height-default\" data-id=\"490949c\" data-element_type=\"section\" data-settings=\"{&quot;jet_parallax_layout_list&quot;:[{&quot;jet_parallax_layout_image&quot;:{&quot;url&quot;:&quot;&quot;,&quot;id&quot;:&quot;&quot;,&quot;size&quot;:&quot;&quot;},&quot;_id&quot;:&quot;b154484&quot;,&quot;jet_parallax_layout_image_tablet&quot;:{&quot;url&quot;:&quot;&quot;,&quot;id&quot;:&quot;&quot;,&quot;size&quot;:&quot;&quot;},&quot;jet_parallax_layout_image_mobile&quot;:{&quot;url&quot;:&quot;&quot;,&quot;id&quot;:&quot;&quot;,&quot;size&quot;:&quot;&quot;},&quot;jet_parallax_layout_speed&quot;:{&quot;unit&quot;:&quot;%&quot;,&quot;size&quot;:50,&quot;sizes&quot;:[]},&quot;jet_parallax_layout_type&quot;:&quot;scroll&quot;,&quot;jet_parallax_layout_direction&quot;:null,&quot;jet_parallax_layout_fx_direction&quot;:null,&quot;jet_parallax_layout_z_index&quot;:&quot;&quot;,&quot;jet_parallax_layout_bg_x&quot;:50,&quot;jet_parallax_layout_bg_x_tablet&quot;:&quot;&quot;,&quot;jet_parallax_layout_bg_x_mobile&quot;:&quot;&quot;,&quot;jet_parallax_layout_bg_y&quot;:50,&quot;jet_parallax_layout_bg_y_tablet&quot;:&quot;&quot;,&quot;jet_parallax_layout_bg_y_mobile&quot;:&quot;&quot;,&quot;jet_parallax_layout_bg_size&quot;:&quot;auto&quot;,&quot;jet_parallax_layout_bg_size_tablet&quot;:&quot;&quot;,&quot;jet_parallax_layout_bg_size_mobile&quot;:&quot;&quot;,&quot;jet_parallax_layout_animation_prop&quot;:&quot;transform&quot;,&quot;jet_parallax_layout_on&quot;:[&quot;desktop&quot;,&quot;tablet&quot;]}],&quot;background_background&quot;:&quot;classic&quot;}\">\n\t\t\t\t\t\t\t<div class=\"elementor-background-overlay\"><\/div>\n\t\t\t\t\t\t\t<div class=\"elementor-container elementor-column-gap-no\">\n\t\t\t\t\t<div class=\"elementor-column elementor-col-100 elementor-top-column elementor-element elementor-element-bf5ffa2\" data-id=\"bf5ffa2\" data-element_type=\"column\">\n\t\t\t<div class=\"elementor-widget-wrap elementor-element-populated\">\n\t\t\t\t\t\t<div class=\"elementor-element elementor-element-90d5311 elementor-widget elementor-widget-heading\" data-id=\"90d5311\" data-element_type=\"widget\" data-widget_type=\"heading.default\">\n\t\t\t\t<div class=\"elementor-widget-container\">\n\t\t\t\t\t<h1 class=\"elementor-heading-title elementor-size-default\">Progetti<\/h1>\t\t\t\t<\/div>\n\t\t\t\t<\/div>\n\t\t\t\t\t<\/div>\n\t\t<\/div>\n\t\t\t\t\t<\/div>\n\t\t<\/section>\n\t\t\t\t<section class=\"elementor-section elementor-top-section elementor-element elementor-element-47c6347 elementor-section-boxed elementor-section-height-default elementor-section-height-default\" data-id=\"47c6347\" data-element_type=\"section\" data-settings=\"{&quot;jet_parallax_layout_list&quot;:[{&quot;jet_parallax_layout_image&quot;:{&quot;url&quot;:&quot;&quot;,&quot;id&quot;:&quot;&quot;,&quot;size&quot;:&quot;&quot;},&quot;_id&quot;:&quot;00a16a0&quot;,&quot;jet_parallax_layout_image_tablet&quot;:{&quot;url&quot;:&quot;&quot;,&quot;id&quot;:&quot;&quot;,&quot;size&quot;:&quot;&quot;},&quot;jet_parallax_layout_image_mobile&quot;:{&quot;url&quot;:&quot;&quot;,&quot;id&quot;:&quot;&quot;,&quot;size&quot;:&quot;&quot;},&quot;jet_parallax_layout_speed&quot;:{&quot;unit&quot;:&quot;%&quot;,&quot;size&quot;:50,&quot;sizes&quot;:[]},&quot;jet_parallax_layout_type&quot;:&quot;scroll&quot;,&quot;jet_parallax_layout_direction&quot;:null,&quot;jet_parallax_layout_fx_direction&quot;:null,&quot;jet_parallax_layout_z_index&quot;:&quot;&quot;,&quot;jet_parallax_layout_bg_x&quot;:50,&quot;jet_parallax_layout_bg_x_tablet&quot;:&quot;&quot;,&quot;jet_parallax_layout_bg_x_mobile&quot;:&quot;&quot;,&quot;jet_parallax_layout_bg_y&quot;:50,&quot;jet_parallax_layout_bg_y_tablet&quot;:&quot;&quot;,&quot;jet_parallax_layout_bg_y_mobile&quot;:&quot;&quot;,&quot;jet_parallax_layout_bg_size&quot;:&quot;auto&quot;,&quot;jet_parallax_layout_bg_size_tablet&quot;:&quot;&quot;,&quot;jet_parallax_layout_bg_size_mobile&quot;:&quot;&quot;,&quot;jet_parallax_layout_animation_prop&quot;:&quot;transform&quot;,&quot;jet_parallax_layout_on&quot;:[&quot;desktop&quot;,&quot;tablet&quot;]}]}\">\n\t\t\t\t\t\t<div class=\"elementor-container elementor-column-gap-no\">\n\t\t\t\t\t<div class=\"elementor-column elementor-col-100 elementor-top-column elementor-element elementor-element-2db14d2\" data-id=\"2db14d2\" data-element_type=\"column\">\n\t\t\t<div class=\"elementor-widget-wrap elementor-element-populated\">\n\t\t\t\t\t\t<div class=\"elementor-element elementor-element-244fca9 elementor-widget elementor-widget-heading\" data-id=\"244fca9\" data-element_type=\"widget\" data-widget_type=\"heading.default\">\n\t\t\t\t<div class=\"elementor-widget-container\">\n\t\t\t\t\t<h2 class=\"elementor-heading-title elementor-size-default\">COMPONENTI DEL PROGETTO  <br>\nCentro di Competenze per l\u2019Ingegneria Avanzata Nova Gradi\u0161ka<\/h2>\t\t\t\t<\/div>\n\t\t\t\t<\/div>\n\t\t\t\t<div class=\"elementor-element elementor-element-ced7f76 elementor-widget elementor-widget-heading\" data-id=\"ced7f76\" data-element_type=\"widget\" data-widget_type=\"heading.default\">\n\t\t\t\t<div class=\"elementor-widget-container\">\n\t\t\t\t\t<h3 class=\"elementor-heading-title elementor-size-default\">1. COSTRUZIONE E ALLESTIMENTO DI INFRASTRUTTURE DI RICERCA:<\/h3>\t\t\t\t<\/div>\n\t\t\t\t<\/div>\n\t\t\t\t<div class=\"elementor-element elementor-element-816d498 elementor-widget elementor-widget-text-editor\" data-id=\"816d498\" data-element_type=\"widget\" data-widget_type=\"text-editor.default\">\n\t\t\t\t<div class=\"elementor-widget-container\">\n\t\t\t\t\t\t\t\t\t<ul>\n \t<li>Costruzione dell&#8217;edificio commerciale del CEKOM per l&#8217;ingegneria avanzata, con una superficie complessiva di 3.074 m2, vale a dire una superficie netta di 2.777,84 m2, comprendente 559,16 m2 di laboratori, 654,53 m2 di locali per uffici, 261,28 m2 di strutture didattiche e per conferenze, sala riunioni, spazio espositivo e strutture di supporto.<\/li>\n \t<li>Allestimento di un laboratorio per le tecnologie 3D, un laboratorio per elaborazione ad alta velocit\u00e0, uno per l&#8217;automazione e la robotica e uno per il trattamento termico.<\/li>\n \t<li>Allestimento dell&#8217;edificio con attrezzature e mobili per reti TIC <\/li>\n \t<li>CENTRALE FOTOVOLTAICA  <\/li>\n<\/ul>\n<div>VALORE COMPLESSIVO: 70.000.000 HRK<\/div>\n<div><\/div>\t\t\t\t\t\t\t\t<\/div>\n\t\t\t\t<\/div>\n\t\t\t\t<div class=\"elementor-element elementor-element-a1f97d1 elementor-widget elementor-widget-heading\" data-id=\"a1f97d1\" data-element_type=\"widget\" data-widget_type=\"heading.default\">\n\t\t\t\t<div class=\"elementor-widget-container\">\n\t\t\t\t\t<h3 class=\"elementor-heading-title elementor-size-default\">2. ATTIVIT\u00c0 DI RICERCA E SVILUPPO <\/h3>\t\t\t\t<\/div>\n\t\t\t\t<\/div>\n\t\t\t\t<div class=\"elementor-element elementor-element-65d28e6 elementor-widget elementor-widget-text-editor\" data-id=\"65d28e6\" data-element_type=\"widget\" data-widget_type=\"text-editor.default\">\n\t\t\t\t<div class=\"elementor-widget-container\">\n\t\t\t\t\t\t\t\t\t<ul>\n \t<li>7 Progetti di ricerca e sviluppo in collaborazione <\/li>\n \t<li>Sviluppo e commercializzazione di prodotti innovativi per le aziende e il mercato <\/li>\n \t<li>Cooperazione efficiente e trasferimento di conoscenza e tecnologie tra partner del settore scientifico e commerciale <\/li>\n<\/ul>\nVALORE COMPLESSIVO: 24.300.000 HRK\t\t\t\t\t\t\t\t<\/div>\n\t\t\t\t<\/div>\n\t\t\t\t<div class=\"elementor-element elementor-element-5cf5725 elementor-widget elementor-widget-heading\" data-id=\"5cf5725\" data-element_type=\"widget\" data-widget_type=\"heading.default\">\n\t\t\t\t<div class=\"elementor-widget-container\">\n\t\t\t\t\t<h3 class=\"elementor-heading-title elementor-size-default\">3. PROMOZIONE E VISIBILIT\u00c0 <br><span style=\"color: rgb(136, 136, 136); font-size: 16px; font-weight: 400; white-space: normal;\">UVALORE COMPLESSIVO: 364.000 HRK<\/span><\/h3>\t\t\t\t<\/div>\n\t\t\t\t<\/div>\n\t\t\t\t<div class=\"elementor-element elementor-element-927bb5e elementor-widget elementor-widget-heading\" data-id=\"927bb5e\" data-element_type=\"widget\" data-widget_type=\"heading.default\">\n\t\t\t\t<div class=\"elementor-widget-container\">\n\t\t\t\t\t<h3 class=\"elementor-heading-title elementor-size-default\">4. GESTIONE DEL PROGETTO  <br><span style=\"color: rgb(136, 136, 136); font-size: 16px; font-weight: 400; white-space: normal;\">VALORE COMPLESSIVO: 2.000.000 HRK<\/span><\/h3>\t\t\t\t<\/div>\n\t\t\t\t<\/div>\n\t\t\t\t<div class=\"elementor-element elementor-element-55ba84d elementor-widget elementor-widget-image\" data-id=\"55ba84d\" data-element_type=\"widget\" data-widget_type=\"image.default\">\n\t\t\t\t<div class=\"elementor-widget-container\">\n\t\t\t\t\t\t\t\t\t\t\t\t\t\t\t<img fetchpriority=\"high\" decoding=\"async\" width=\"1024\" height=\"472\" src=\"https:\/\/cekomng.hr\/wp-content\/uploads\/2022\/01\/cekom-FINAL-10-1024x472.jpg\" class=\"attachment-large size-large wp-image-1370\" alt=\"\" srcset=\"https:\/\/cekomng.hr\/wp-content\/uploads\/2022\/01\/cekom-FINAL-10-1024x472.jpg 1024w, https:\/\/cekomng.hr\/wp-content\/uploads\/2022\/01\/cekom-FINAL-10-300x138.jpg 300w, https:\/\/cekomng.hr\/wp-content\/uploads\/2022\/01\/cekom-FINAL-10-768x354.jpg 768w, https:\/\/cekomng.hr\/wp-content\/uploads\/2022\/01\/cekom-FINAL-10-1536x708.jpg 1536w, https:\/\/cekomng.hr\/wp-content\/uploads\/2022\/01\/cekom-FINAL-10-2048x944.jpg 2048w\" sizes=\"(max-width: 1024px) 100vw, 1024px\" \/>\t\t\t\t\t\t\t\t\t\t\t\t\t\t\t<\/div>\n\t\t\t\t<\/div>\n\t\t\t\t<div class=\"elementor-element elementor-element-ab9bd7e elementor-widget elementor-widget-spacer\" data-id=\"ab9bd7e\" data-element_type=\"widget\" data-widget_type=\"spacer.default\">\n\t\t\t\t<div class=\"elementor-widget-container\">\n\t\t\t\t\t\t\t<div class=\"elementor-spacer\">\n\t\t\t<div class=\"elementor-spacer-inner\"><\/div>\n\t\t<\/div>\n\t\t\t\t\t\t<\/div>\n\t\t\t\t<\/div>\n\t\t\t\t<div class=\"elementor-element elementor-element-2c86764 elementor-widget elementor-widget-heading\" data-id=\"2c86764\" data-element_type=\"widget\" data-widget_type=\"heading.default\">\n\t\t\t\t<div class=\"elementor-widget-container\">\n\t\t\t\t\t<h2 class=\"elementor-heading-title elementor-size-default\">PROGETTI DI RICERCA E SVILUPPO IN COLLABORAZIONE<\/h2>\t\t\t\t<\/div>\n\t\t\t\t<\/div>\n\t\t\t\t<div class=\"elementor-element elementor-element-3f156ab elementor-widget elementor-widget-text-editor\" data-id=\"3f156ab\" data-element_type=\"widget\" data-widget_type=\"text-editor.default\">\n\t\t\t\t<div class=\"elementor-widget-container\">\n\t\t\t\t\t\t\t\t\t<p>L&#8217;implementazione del Progetto comprende un programma per 7 progetti di ricerca e sviluppo in collaborazione tra i <em>Partner<\/em> (sviluppatori di progetti individuali di ricerca e sviluppo), con l&#8217;obiettivo di sviluppare nuovi prodotti e servizi ad alto valore aggiunto.<\/p><p>Attivit\u00e0 di ricerca e sviluppo <strong>(IRA):<\/strong><\/p>\t\t\t\t\t\t\t\t<\/div>\n\t\t\t\t<\/div>\n\t\t\t\t<div class=\"elementor-element elementor-element-12c85e8 elementor-widget elementor-widget-heading\" data-id=\"12c85e8\" data-element_type=\"widget\" data-widget_type=\"heading.default\">\n\t\t\t\t<div class=\"elementor-widget-container\">\n\t\t\t\t\t<h3 class=\"elementor-heading-title elementor-size-default\">IRA 1 - Sviluppo di parti leggere ottimizzate per l'industria automobilistica <\/h3>\t\t\t\t<\/div>\n\t\t\t\t<\/div>\n\t\t\t\t<div class=\"elementor-element elementor-element-de09f64 elementor-widget elementor-widget-text-editor\" data-id=\"de09f64\" data-element_type=\"widget\" data-widget_type=\"text-editor.default\">\n\t\t\t\t<div class=\"elementor-widget-container\">\n\t\t\t\t\t\t\t\t\t<ul>\n \t<li>Sviluppatore: Parco industriale di Nova Gradi\u0161ka <\/li>\n \t<li>Partner: CEKOM NI NG e SFSB<\/li>\n \t<li>Valore del progetto: 5,1 milioni di HRK<\/li>\n<\/ul>\nNel corso del progetto, la ricerca sar\u00e0 focalizzata su nuovi materiali e procedure ecocompatibili che porteranno a una nuova generazione di prodotti. L&#8217;obiettivo \u00e8 quello di adottare l&#8217;approccio del design generativo come parte del progetto, in grado di garantire qualit\u00e0, efficienza e prestazioni elevate, per progettare e produrre successivamente elementi ottimizzati ad alto valore aggiunto per l&#8217;industria automobilistica. \t\t\t\t\t\t\t\t<\/div>\n\t\t\t\t<\/div>\n\t\t\t\t<div class=\"elementor-element elementor-element-6c57291 elementor-widget elementor-widget-heading\" data-id=\"6c57291\" data-element_type=\"widget\" data-widget_type=\"heading.default\">\n\t\t\t\t<div class=\"elementor-widget-container\">\n\t\t\t\t\t<h3 class=\"elementor-heading-title elementor-size-default\">IRA 2 - Sviluppo di stampi a iniezione stampati in 3D con un sistema di raffreddamento migliorato <\/h3>\t\t\t\t<\/div>\n\t\t\t\t<\/div>\n\t\t\t\t<div class=\"elementor-element elementor-element-97b24e6 elementor-widget elementor-widget-text-editor\" data-id=\"97b24e6\" data-element_type=\"widget\" data-widget_type=\"text-editor.default\">\n\t\t\t\t<div class=\"elementor-widget-container\">\n\t\t\t\t\t\t\t\t\t<ul>\n \t<li>Sviluppatore: Parco industriale Nova Gradi\u0161ka <\/li>\n \t<li>Partner: CEKOM NI NG e SFSB<\/li>\n \t<li>Valore del progetto: 5,1 milioni di HRK<\/li>\n<\/ul>\nIl software di simulazione pu\u00f2 fornire un&#8217;idea delle condizioni approssimative, della gamma di temperature e della tendenza termica all\u2019interno dello stampo che si combinano durante il processo di stampaggio a iniezione. In questo modo \u00e8 possibile, riducendo la necessit\u00e0 di un maggior numero di prototipi, ottimizzare il design dello stampo e dei condotti di raffreddamento, evitare potenziali errori di fabbricazione, aumentare la qualit\u00e0 del prodotto finale e anticipare il lancio sul mercato di prodotti innovativi. Il design ottimale dei condotti di raffreddamento e degli stampi ha una geometria complessa, con forma prismatica solo per pochi prodotti, che lo rende adatto alla produzione tramite stampa 3D.\t\t\t\t\t\t\t\t<\/div>\n\t\t\t\t<\/div>\n\t\t\t\t<div class=\"elementor-element elementor-element-a8bf896 elementor-widget elementor-widget-heading\" data-id=\"a8bf896\" data-element_type=\"widget\" data-widget_type=\"heading.default\">\n\t\t\t\t<div class=\"elementor-widget-container\">\n\t\t\t\t\t<h3 class=\"elementor-heading-title elementor-size-default\">IRA 3 - Sviluppo dei dispositivi di protezione antincendio nel sistema di ventilazione <\/h3>\t\t\t\t<\/div>\n\t\t\t\t<\/div>\n\t\t\t\t<div class=\"elementor-element elementor-element-3531e34 elementor-widget elementor-widget-text-editor\" data-id=\"3531e34\" data-element_type=\"widget\" data-widget_type=\"text-editor.default\">\n\t\t\t\t<div class=\"elementor-widget-container\">\n\t\t\t\t\t\t\t\t\t<ul>\n \t<li>Sviluppatore: Klimaoprema<\/li>\n \t<li>Partner: CEKOM NI NG e SFSB<\/li>\n \t<li>Valore del progetto: 5,7 milioni di HRK <\/li>\n<\/ul>\nQuesto progetto prevede lo sviluppo di prodotti costituiti per il 90% da materiali naturali, come il silicato di calcio. I materiali avanzati, l&#8217;automazione e la robotica, come campi interdisciplinari di ricerca sulle propriet\u00e0 dei materiali e l&#8217;automazione dei processi aziendali, sono applicabili in diverse aree della scienza e dell&#8217;ingegneria, e rappresentano una delle aree tematiche che saranno elaborate in dettaglio nel progetto. \t\t\t\t\t\t\t\t<\/div>\n\t\t\t\t<\/div>\n\t\t\t\t<div class=\"elementor-element elementor-element-dc56b85 elementor-widget elementor-widget-heading\" data-id=\"dc56b85\" data-element_type=\"widget\" data-widget_type=\"heading.default\">\n\t\t\t\t<div class=\"elementor-widget-container\">\n\t\t\t\t\t<h3 class=\"elementor-heading-title elementor-size-default\">IRA 4 - Sviluppo di sistemi robotici nei settori dell'automobile, della difesa e dell'industria alimentare<\/h3>\t\t\t\t<\/div>\n\t\t\t\t<\/div>\n\t\t\t\t<div class=\"elementor-element elementor-element-5201099 elementor-widget elementor-widget-text-editor\" data-id=\"5201099\" data-element_type=\"widget\" data-widget_type=\"text-editor.default\">\n\t\t\t\t<div class=\"elementor-widget-container\">\n\t\t\t\t\t\t\t\t\t<ul>\n \t<li>Sviluppatore: Migautomatika<\/li>\n \t<li>Partner: Parco industriale Nova Gradi\u0161ka, CEKOM NI NG e SFSB<\/li>\n \t<li>Valore del progetto: 4,4 milioni di HRK<\/li>\n<\/ul>\nL\u2019obiettivo nell\u2019ottimizzazione della robotica nel processo di fabbricazione \u00e8 quello di ridurre al minimo i tempi, l\u2019energia e i materiali per fabbricare un prodotto di qualit\u00e0. L\u2019ottimizzazione della robotica e dell&#8217;automazione riduce la durata del ciclo di produzione in modo considerevole, incidendo direttamente sull&#8217;aumento della produttivit\u00e0. Oltre alla robotizzazione, ogni tipo di produzione richiede specifiche pinze di manipolazione per bracci robotici.  \t\t\t\t\t\t\t\t<\/div>\n\t\t\t\t<\/div>\n\t\t\t\t<div class=\"elementor-element elementor-element-a6a1a16 elementor-widget elementor-widget-heading\" data-id=\"a6a1a16\" data-element_type=\"widget\" data-widget_type=\"heading.default\">\n\t\t\t\t<div class=\"elementor-widget-container\">\n\t\t\t\t\t<h3 class=\"elementor-heading-title elementor-size-default\">IRA 5 - Sviluppo di tecnologie di pulizia industriale con ghiaccio secco<\/h3>\t\t\t\t<\/div>\n\t\t\t\t<\/div>\n\t\t\t\t<div class=\"elementor-element elementor-element-4187848 elementor-widget elementor-widget-text-editor\" data-id=\"4187848\" data-element_type=\"widget\" data-widget_type=\"text-editor.default\">\n\t\t\t\t<div class=\"elementor-widget-container\">\n\t\t\t\t\t\t\t\t\t<ul>\n \t<li>Sviluppatore: Hladni val<\/li>\n \t<li>Partner: CEKOM NI NG e SFSB<\/li>\n \t<li>Valore del progetto: 2,5 milioni di HRK<\/li>\n<\/ul>\nI progetti di ricerca pianificati utilizzeranno, svilupperanno e miglioreranno diversi tipi di tecnologie abilitanti fondamentali: tecnologie 3D, lavorazione dei metalli ad alta velocit\u00e0, automazione e robotica, nuovi materiali e reti TIC.\nL\u2019obiettivo di questi progetti di ricerca e sviluppo \u00e8 la realizzazione di una macchina per la pulizia con ghiaccio secco. \n\t\t\t\t\t\t\t\t<\/div>\n\t\t\t\t<\/div>\n\t\t\t\t<div class=\"elementor-element elementor-element-94f86dc elementor-widget elementor-widget-heading\" data-id=\"94f86dc\" data-element_type=\"widget\" data-widget_type=\"heading.default\">\n\t\t\t\t<div class=\"elementor-widget-container\">\n\t\t\t\t\t<h3 class=\"elementor-heading-title elementor-size-default\">IRA 6 - Sviluppo di un sollevatore idraulico per passaggi a livello <\/h3>\t\t\t\t<\/div>\n\t\t\t\t<\/div>\n\t\t\t\t<div class=\"elementor-element elementor-element-372c36d elementor-widget elementor-widget-text-editor\" data-id=\"372c36d\" data-element_type=\"widget\" data-widget_type=\"text-editor.default\">\n\t\t\t\t<div class=\"elementor-widget-container\">\n\t\t\t\t\t\t\t\t\t<ul>\n \t<li>Sviluppatore: Altpro<\/li>\n \t<li>Partner: CEKOM NI NG e SFSB<\/li>\n \t<li>Valore del progetto: 2,9 milioni di HRK<\/li>\n<\/ul>\nIl progetto sar\u00e0 utilizzato per sviluppare un nuovo tipo di sollevatore idraulico (bracci della barriera) per la sicurezza dei passaggi a livello. Il progetto comporter\u00e0 lo sviluppo di un nuovo sistema di bracci per barriere che, a differenza di prodotti concorrenti, soddisfer\u00e0 la maggior parte degli standard internazionali e le specifiche tecniche dei singoli paesi. Inoltre, il prodotto sar\u00e0 progettato specificamente per garantire affidabilit\u00e0 di funzionamento nelle condizioni climatiche pi\u00f9 difficili (freddo, umidit\u00e0&#8230;), ci\u00f2 che rappresenta un vantaggio rispetto ai prodotti concorrenti in termini di affidabilit\u00e0, facilit\u00e0 di manutenzione e durata del ciclo operativo.\t\t\t\t\t\t\t\t<\/div>\n\t\t\t\t<\/div>\n\t\t\t\t<div class=\"elementor-element elementor-element-c91ee74 elementor-widget elementor-widget-heading\" data-id=\"c91ee74\" data-element_type=\"widget\" data-widget_type=\"heading.default\">\n\t\t\t\t<div class=\"elementor-widget-container\">\n\t\t\t\t\t<h3 class=\"elementor-heading-title elementor-size-default\">IRA 7 - Sviluppo di un sistema informativo di gestione della tracciabilit\u00e0 nell'industria alimentare <\/h3>\t\t\t\t<\/div>\n\t\t\t\t<\/div>\n\t\t\t\t<div class=\"elementor-element elementor-element-908f81b elementor-widget elementor-widget-text-editor\" data-id=\"908f81b\" data-element_type=\"widget\" data-widget_type=\"text-editor.default\">\n\t\t\t\t<div class=\"elementor-widget-container\">\n\t\t\t\t\t\t\t\t\t<ul>\n \t<li>Sviluppatore: ININ<\/li>\n \t<li>Partner: CEKOM NI NG e SFSB<\/li>\n \t<li>Valore del progetto: 3,7 milioni di HRK<\/li>\n<\/ul>\nL\u2019obiettivo del progetto \u00e8 la creazione di un software innovativo per la &#8220;Gestione della Tracciabilit\u00e0&#8221; in conformit\u00e0 con le esigenze del mercato, che consenta alle aziende di semplificare il sistema di tracciabilit\u00e0 dei prodotti, rendendole pi\u00f9 competitive negli esigenti mercati dell&#8217;UE. I requisiti del mercato moderno (rapida risposta alle richieste, rapido scambio di dati tecnici, attestazione di collaudo della tecnologia, rapido calcolo dei preventivi, visione dello stato degli impegni produttivi, rispetto delle norme di tracciabilit\u00e0) impongono cambiamenti significativi nella tecnologia e nell&#8217;organizzazione del lavoro per comunicare con i sistemi ERP degli acquirenti di beni e servizi e dei fornitori di materiali e servizi in subappalto. \t\t\t\t\t\t\t\t<\/div>\n\t\t\t\t<\/div>\n\t\t\t\t\t<\/div>\n\t\t<\/div>\n\t\t\t\t\t<\/div>\n\t\t<\/section>\n\t\t\t\t<\/div>\n\t\t","protected":false},"excerpt":{"rendered":"<p>COMPONENTI DEL PROGETTO Centro di Competenze per l\u2019Ingegneria Avanzata Nova Gradi\u0161ka 1. COSTRUZIONE E ALLESTIMENTO DI INFRASTRUTTURE DI RICERCA: Costruzione dell&#8217;edificio commerciale del CEKOM per l&#8217;ingegneria avanzata, con una superficie complessiva di 3.074 m2, vale a dire una superficie netta di 2.777,84 m2, comprendente 559,16 m2 di laboratori, 654,53 m2 di locali per uffici, 261,28 [&hellip;]<\/p>\n","protected":false},"author":1,"featured_media":0,"parent":0,"menu_order":0,"comment_status":"closed","ping_status":"closed","template":"elementor_header_footer","meta":{"_acf_changed":false,"_themeisle_gutenberg_block_has_review":false,"footnotes":""},"class_list":["post-1396","page","type-page","status-publish","hentry"],"acf":[],"_links":{"self":[{"href":"https:\/\/cekomng.hr\/it\/wp-json\/wp\/v2\/pages\/1396"}],"collection":[{"href":"https:\/\/cekomng.hr\/it\/wp-json\/wp\/v2\/pages"}],"about":[{"href":"https:\/\/cekomng.hr\/it\/wp-json\/wp\/v2\/types\/page"}],"author":[{"embeddable":true,"href":"https:\/\/cekomng.hr\/it\/wp-json\/wp\/v2\/users\/1"}],"replies":[{"embeddable":true,"href":"https:\/\/cekomng.hr\/it\/wp-json\/wp\/v2\/comments?post=1396"}],"version-history":[{"count":4,"href":"https:\/\/cekomng.hr\/it\/wp-json\/wp\/v2\/pages\/1396\/revisions"}],"predecessor-version":[{"id":1401,"href":"https:\/\/cekomng.hr\/it\/wp-json\/wp\/v2\/pages\/1396\/revisions\/1401"}],"wp:attachment":[{"href":"https:\/\/cekomng.hr\/it\/wp-json\/wp\/v2\/media?parent=1396"}],"curies":[{"name":"wp","href":"https:\/\/api.w.org\/{rel}","templated":true}]}}