{"id":1414,"date":"2020-11-14T08:39:04","date_gmt":"2020-11-14T07:39:04","guid":{"rendered":"https:\/\/cekomng.hr\/novosti\/"},"modified":"2022-01-30T21:48:14","modified_gmt":"2022-01-30T20:48:14","slug":"notizie","status":"publish","type":"page","link":"https:\/\/cekomng.hr\/it\/notizie\/","title":{"rendered":"Notizie"},"content":{"rendered":"\t\t<div data-elementor-type=\"wp-page\" data-elementor-id=\"1414\" class=\"elementor elementor-1414 elementor-85\">\n\t\t\t\t\t\t<section class=\"elementor-section elementor-top-section elementor-element elementor-element-2c67e77 elementor-section-boxed elementor-section-height-default elementor-section-height-default\" data-id=\"2c67e77\" data-element_type=\"section\" data-settings=\"{&quot;jet_parallax_layout_list&quot;:[{&quot;jet_parallax_layout_image&quot;:{&quot;url&quot;:&quot;&quot;,&quot;id&quot;:&quot;&quot;,&quot;size&quot;:&quot;&quot;},&quot;_id&quot;:&quot;b154484&quot;,&quot;jet_parallax_layout_image_tablet&quot;:{&quot;url&quot;:&quot;&quot;,&quot;id&quot;:&quot;&quot;,&quot;size&quot;:&quot;&quot;},&quot;jet_parallax_layout_image_mobile&quot;:{&quot;url&quot;:&quot;&quot;,&quot;id&quot;:&quot;&quot;,&quot;size&quot;:&quot;&quot;},&quot;jet_parallax_layout_speed&quot;:{&quot;unit&quot;:&quot;%&quot;,&quot;size&quot;:50,&quot;sizes&quot;:[]},&quot;jet_parallax_layout_type&quot;:&quot;scroll&quot;,&quot;jet_parallax_layout_direction&quot;:null,&quot;jet_parallax_layout_fx_direction&quot;:null,&quot;jet_parallax_layout_z_index&quot;:&quot;&quot;,&quot;jet_parallax_layout_bg_x&quot;:50,&quot;jet_parallax_layout_bg_x_tablet&quot;:&quot;&quot;,&quot;jet_parallax_layout_bg_x_mobile&quot;:&quot;&quot;,&quot;jet_parallax_layout_bg_y&quot;:50,&quot;jet_parallax_layout_bg_y_tablet&quot;:&quot;&quot;,&quot;jet_parallax_layout_bg_y_mobile&quot;:&quot;&quot;,&quot;jet_parallax_layout_bg_size&quot;:&quot;auto&quot;,&quot;jet_parallax_layout_bg_size_tablet&quot;:&quot;&quot;,&quot;jet_parallax_layout_bg_size_mobile&quot;:&quot;&quot;,&quot;jet_parallax_layout_animation_prop&quot;:&quot;transform&quot;,&quot;jet_parallax_layout_on&quot;:[&quot;desktop&quot;,&quot;tablet&quot;]}],&quot;background_background&quot;:&quot;classic&quot;}\">\n\t\t\t\t\t\t\t<div class=\"elementor-background-overlay\"><\/div>\n\t\t\t\t\t\t\t<div class=\"elementor-container elementor-column-gap-no\">\n\t\t\t\t\t<div class=\"elementor-column elementor-col-100 elementor-top-column elementor-element elementor-element-5f9bc0a\" data-id=\"5f9bc0a\" data-element_type=\"column\">\n\t\t\t<div class=\"elementor-widget-wrap elementor-element-populated\">\n\t\t\t\t\t\t<div class=\"elementor-element elementor-element-77ce05b elementor-widget elementor-widget-heading\" data-id=\"77ce05b\" data-element_type=\"widget\" data-widget_type=\"heading.default\">\n\t\t\t\t<div class=\"elementor-widget-container\">\n\t\t\t\t\t<h1 class=\"elementor-heading-title elementor-size-default\">Notizie<\/h1>\t\t\t\t<\/div>\n\t\t\t\t<\/div>\n\t\t\t\t\t<\/div>\n\t\t<\/div>\n\t\t\t\t\t<\/div>\n\t\t<\/section>\n\t\t\t\t<section class=\"elementor-section elementor-top-section elementor-element elementor-element-cdb1ca8 elementor-section-boxed elementor-section-height-default elementor-section-height-default\" data-id=\"cdb1ca8\" data-element_type=\"section\" data-settings=\"{&quot;jet_parallax_layout_list&quot;:[{&quot;jet_parallax_layout_image&quot;:{&quot;url&quot;:&quot;&quot;,&quot;id&quot;:&quot;&quot;,&quot;size&quot;:&quot;&quot;},&quot;_id&quot;:&quot;da03fe7&quot;,&quot;jet_parallax_layout_image_tablet&quot;:{&quot;url&quot;:&quot;&quot;,&quot;id&quot;:&quot;&quot;,&quot;size&quot;:&quot;&quot;},&quot;jet_parallax_layout_image_mobile&quot;:{&quot;url&quot;:&quot;&quot;,&quot;id&quot;:&quot;&quot;,&quot;size&quot;:&quot;&quot;},&quot;jet_parallax_layout_speed&quot;:{&quot;unit&quot;:&quot;%&quot;,&quot;size&quot;:50,&quot;sizes&quot;:[]},&quot;jet_parallax_layout_type&quot;:&quot;scroll&quot;,&quot;jet_parallax_layout_direction&quot;:null,&quot;jet_parallax_layout_fx_direction&quot;:null,&quot;jet_parallax_layout_z_index&quot;:&quot;&quot;,&quot;jet_parallax_layout_bg_x&quot;:50,&quot;jet_parallax_layout_bg_x_tablet&quot;:&quot;&quot;,&quot;jet_parallax_layout_bg_x_mobile&quot;:&quot;&quot;,&quot;jet_parallax_layout_bg_y&quot;:50,&quot;jet_parallax_layout_bg_y_tablet&quot;:&quot;&quot;,&quot;jet_parallax_layout_bg_y_mobile&quot;:&quot;&quot;,&quot;jet_parallax_layout_bg_size&quot;:&quot;auto&quot;,&quot;jet_parallax_layout_bg_size_tablet&quot;:&quot;&quot;,&quot;jet_parallax_layout_bg_size_mobile&quot;:&quot;&quot;,&quot;jet_parallax_layout_animation_prop&quot;:&quot;transform&quot;,&quot;jet_parallax_layout_on&quot;:[&quot;desktop&quot;,&quot;tablet&quot;]}]}\">\n\t\t\t\t\t\t<div class=\"elementor-container elementor-column-gap-no\">\n\t\t\t\t\t<div class=\"elementor-column elementor-col-100 elementor-top-column elementor-element elementor-element-cf49cc5\" data-id=\"cf49cc5\" data-element_type=\"column\">\n\t\t\t<div class=\"elementor-widget-wrap elementor-element-populated\">\n\t\t\t\t\t\t<div class=\"elementor-element elementor-element-b96e488 elementor-widget elementor-widget-raven-posts\" data-id=\"b96e488\" data-element_type=\"widget\" data-settings=\"{&quot;classic_columns&quot;:&quot;1&quot;,&quot;classic_columns_tablet&quot;:&quot;1&quot;,&quot;query_posts_per_page&quot;:5,&quot;_skin&quot;:&quot;classic&quot;,&quot;classic_layout&quot;:&quot;grid&quot;,&quot;classic_columns_mobile&quot;:&quot;1&quot;,&quot;query_offset&quot;:0}\" data-widget_type=\"raven-posts.classic\">\n\t\t\t\t<div class=\"elementor-widget-container\">\n\t\t\t\t\t\t\t<div class=\"raven-posts raven-grid raven-grid-1 raven-grid-mobile-1 raven-grid-tablet-1\" data-post-id=\"1414\" data-archive-query=\"\" data-lang=\"\">\n\t\t\t\t<div class=\"raven-grid-item raven-post-item post-1418 post type-post status-publish format-standard has-post-thumbnail hentry category-non-categorizzato category-notizie\">\n\t\t\t<div class=\"raven-post raven-post-inline raven-post-inline-left\">\n\t\t\t\t\t\t<div class=\"raven-post-image-wrap\">\n\t\t\t<a class=\"raven-post-image raven-image-fit\" href=\"https:\/\/cekomng.hr\/it\/opportunita-fornite-dai-fondi-dellue\/\"><img fetchpriority=\"high\" decoding=\"async\" width=\"2048\" height=\"1536\" src=\"https:\/\/cekomng.hr\/wp-content\/uploads\/2022\/01\/1634107321743.jpg\" class=\"attachment-full size-full wp-image-1354\" alt=\"\" srcset=\"https:\/\/cekomng.hr\/wp-content\/uploads\/2022\/01\/1634107321743.jpg 2048w, https:\/\/cekomng.hr\/wp-content\/uploads\/2022\/01\/1634107321743-300x225.jpg 300w, https:\/\/cekomng.hr\/wp-content\/uploads\/2022\/01\/1634107321743-1024x768.jpg 1024w, https:\/\/cekomng.hr\/wp-content\/uploads\/2022\/01\/1634107321743-768x576.jpg 768w, https:\/\/cekomng.hr\/wp-content\/uploads\/2022\/01\/1634107321743-1536x1152.jpg 1536w\" sizes=\"(max-width: 2048px) 100vw, 2048px\" \/> <span class=\"raven-post-image-overlay\"><\/span><\/a>\t\t<\/div>\n\t\t\t\t\t\t<div class=\"raven-post-content\">\n\t\t\t\t\t\t\t<div class=\"raven-post-meta\"><a class=\"raven-post-meta-item raven-post-date\" href=\"https:\/\/cekomng.hr\/it\/2022\/01\/\" rel=\"bookmark\">6. Gennaio 2022.<\/a><\/div>\n\t\t<h2 class=\"raven-post-title\"><a class=\"raven-post-title-link\" href=\"https:\/\/cekomng.hr\/it\/opportunita-fornite-dai-fondi-dellue\/\">Opportunit\u00e0 fornite dai fondi dell\u2019UE<\/a><\/h2><div class=\"raven-post-excerpt\">Organizzata dal Centro di Competenze per l\u2019Ingegneria Avanzata Nova Gradi\u0161ka S.r.l. e Tera Tehnopolis S.r.l., l&#8217;8 ottobre, a Nova Gradi\u0161ka, si \u00e8 tenuta una tavola rotonda sul tema &#8220;Opportunit\u00e0 offerte<\/div>\t\t<div class=\"raven-post-read-more\">\n\t\t\t<a class=\"raven-post-button\" href=\"https:\/\/cekomng.hr\/it\/opportunita-fornite-dai-fondi-dellue\/\"><span class=\"raven-post-button-text\">Pro\u010ditaj vi\u0161e &gt;<\/span><\/a>\n\t\t<\/div>\n\t\t\t\t\t\t<\/div>\n\t\t\t<\/div>\n\t\t<\/div>\n\t\t\t\t<div class=\"raven-grid-item raven-post-item post-1424 post type-post status-publish format-standard has-post-thumbnail hentry category-non-categorizzato category-notizie\">\n\t\t\t<div class=\"raven-post raven-post-inline raven-post-inline-left\">\n\t\t\t\t\t\t<div class=\"raven-post-image-wrap\">\n\t\t\t<a class=\"raven-post-image raven-image-fit\" href=\"https:\/\/cekomng.hr\/it\/nova-gradiska-e-cekom-in-visita-di-studio-nella-serbia-orientale\/\"><img decoding=\"async\" width=\"2048\" height=\"1536\" src=\"https:\/\/cekomng.hr\/wp-content\/uploads\/2022\/01\/1.jpg\" class=\"attachment-full size-full wp-image-1327\" alt=\"\" srcset=\"https:\/\/cekomng.hr\/wp-content\/uploads\/2022\/01\/1.jpg 2048w, https:\/\/cekomng.hr\/wp-content\/uploads\/2022\/01\/1-300x225.jpg 300w, https:\/\/cekomng.hr\/wp-content\/uploads\/2022\/01\/1-1024x768.jpg 1024w, https:\/\/cekomng.hr\/wp-content\/uploads\/2022\/01\/1-768x576.jpg 768w, https:\/\/cekomng.hr\/wp-content\/uploads\/2022\/01\/1-1536x1152.jpg 1536w\" sizes=\"(max-width: 2048px) 100vw, 2048px\" \/> <span class=\"raven-post-image-overlay\"><\/span><\/a>\t\t<\/div>\n\t\t\t\t\t\t<div class=\"raven-post-content\">\n\t\t\t\t\t\t\t<div class=\"raven-post-meta\"><a class=\"raven-post-meta-item raven-post-date\" href=\"https:\/\/cekomng.hr\/it\/2022\/01\/\" rel=\"bookmark\">3. Gennaio 2022.<\/a><\/div>\n\t\t<h2 class=\"raven-post-title\"><a class=\"raven-post-title-link\" href=\"https:\/\/cekomng.hr\/it\/nova-gradiska-e-cekom-in-visita-di-studio-nella-serbia-orientale\/\">Nova Gradi\u0161ka e CEKOM in visita di studio nella Serbia orientale<\/a><\/h2><div class=\"raven-post-excerpt\">La visita di studio a Zaje\u010dar e Knja\u017eevac a fine novembre 2021 ha visto la partecipazione di rappresentanti della citt\u00e0 di Nova Gradi\u0161ka e del CEKOM, il Centro di competenze<\/div>\t\t<div class=\"raven-post-read-more\">\n\t\t\t<a class=\"raven-post-button\" href=\"https:\/\/cekomng.hr\/it\/nova-gradiska-e-cekom-in-visita-di-studio-nella-serbia-orientale\/\"><span class=\"raven-post-button-text\">Pro\u010ditaj vi\u0161e &gt;<\/span><\/a>\n\t\t<\/div>\n\t\t\t\t\t\t<\/div>\n\t\t\t<\/div>\n\t\t<\/div>\n\t\t\t\t<div class=\"raven-grid-item raven-post-item post-1429 post type-post status-publish format-standard has-post-thumbnail hentry category-non-categorizzato category-notizie\">\n\t\t\t<div class=\"raven-post raven-post-inline raven-post-inline-left\">\n\t\t\t\t\t\t<div class=\"raven-post-image-wrap\">\n\t\t\t<a class=\"raven-post-image raven-image-fit\" href=\"https:\/\/cekomng.hr\/it\/conferenza-di-apertura\/\"><img decoding=\"async\" width=\"1600\" height=\"1200\" src=\"https:\/\/cekomng.hr\/wp-content\/uploads\/2020\/11\/uvodna-konf.-2.jpeg\" class=\"attachment-full size-full wp-image-1314\" alt=\"\" srcset=\"https:\/\/cekomng.hr\/wp-content\/uploads\/2020\/11\/uvodna-konf.-2.jpeg 1600w, https:\/\/cekomng.hr\/wp-content\/uploads\/2020\/11\/uvodna-konf.-2-300x225.jpeg 300w, https:\/\/cekomng.hr\/wp-content\/uploads\/2020\/11\/uvodna-konf.-2-1024x768.jpeg 1024w, https:\/\/cekomng.hr\/wp-content\/uploads\/2020\/11\/uvodna-konf.-2-768x576.jpeg 768w, https:\/\/cekomng.hr\/wp-content\/uploads\/2020\/11\/uvodna-konf.-2-1536x1152.jpeg 1536w\" sizes=\"(max-width: 1600px) 100vw, 1600px\" \/> <span class=\"raven-post-image-overlay\"><\/span><\/a>\t\t<\/div>\n\t\t\t\t\t\t<div class=\"raven-post-content\">\n\t\t\t\t\t\t\t<div class=\"raven-post-meta\"><a class=\"raven-post-meta-item raven-post-date\" href=\"https:\/\/cekomng.hr\/it\/2021\/11\/\" rel=\"bookmark\">22. Novembre 2021.<\/a><\/div>\n\t\t<h2 class=\"raven-post-title\"><a class=\"raven-post-title-link\" href=\"https:\/\/cekomng.hr\/it\/conferenza-di-apertura\/\">Conferenza di apertura<\/a><\/h2><div class=\"raven-post-excerpt\">Curabitur rhoncus mi et metus sodales porta. Quisque vulputate ante at nulla malesuada, vitae tincidunt ex aliquet. Vestibulum auctor odio in vulputate bibendum. <\/div>\t\t<div class=\"raven-post-read-more\">\n\t\t\t<a class=\"raven-post-button\" href=\"https:\/\/cekomng.hr\/it\/conferenza-di-apertura\/\"><span class=\"raven-post-button-text\">Pro\u010ditaj vi\u0161e &gt;<\/span><\/a>\n\t\t<\/div>\n\t\t\t\t\t\t<\/div>\n\t\t\t<\/div>\n\t\t<\/div>\n\t\t\t\t<\/div>\n\t\t\t\t\t\t<\/div>\n\t\t\t\t<\/div>\n\t\t\t\t\t<\/div>\n\t\t<\/div>\n\t\t\t\t\t<\/div>\n\t\t<\/section>\n\t\t\t\t<\/div>\n\t\t","protected":false},"excerpt":{"rendered":"<p>Notizie 6. sije\u010dnja 2022. Prilike EU fondovi U organizaciji Centra kompetencija za napredno in\u017eenjerstvo Nova Gradi\u0161ka d.o.o. i Tera Tehnopolis d.o.o., 08. listopada u Novoj Gradi\u0161ki, odr\u017ean je okrugli stol na temu &#8221;Prilike koje nude EU programi&#8221;.\u00a0 Pro\u010ditaj vi\u0161e > 3. sije\u010dnja 2022. Nova Gradi\u0161ka i CEKOM u studijskoj posjeti isto\u010dnoj Srbiji U studijskoj posjeti [&hellip;]<\/p>\n","protected":false},"author":1,"featured_media":0,"parent":0,"menu_order":0,"comment_status":"closed","ping_status":"closed","template":"full-width.php","meta":{"_acf_changed":false,"_themeisle_gutenberg_block_has_review":false,"footnotes":""},"class_list":["post-1414","page","type-page","status-publish","hentry"],"acf":[],"_links":{"self":[{"href":"https:\/\/cekomng.hr\/it\/wp-json\/wp\/v2\/pages\/1414"}],"collection":[{"href":"https:\/\/cekomng.hr\/it\/wp-json\/wp\/v2\/pages"}],"about":[{"href":"https:\/\/cekomng.hr\/it\/wp-json\/wp\/v2\/types\/page"}],"author":[{"embeddable":true,"href":"https:\/\/cekomng.hr\/it\/wp-json\/wp\/v2\/users\/1"}],"replies":[{"embeddable":true,"href":"https:\/\/cekomng.hr\/it\/wp-json\/wp\/v2\/comments?post=1414"}],"version-history":[{"count":3,"href":"https:\/\/cekomng.hr\/it\/wp-json\/wp\/v2\/pages\/1414\/revisions"}],"predecessor-version":[{"id":1417,"href":"https:\/\/cekomng.hr\/it\/wp-json\/wp\/v2\/pages\/1414\/revisions\/1417"}],"wp:attachment":[{"href":"https:\/\/cekomng.hr\/it\/wp-json\/wp\/v2\/media?parent=1414"}],"curies":[{"name":"wp","href":"https:\/\/api.w.org\/{rel}","templated":true}]}}